{"id":80,"date":"2013-02-02T12:25:15","date_gmt":"2013-02-02T12:25:15","guid":{"rendered":"http:\/\/hogash-demo.com\/kallyas_wp\/?page_id=80"},"modified":"2021-12-14T13:53:08","modified_gmt":"2021-12-14T11:53:08","slug":"about-us","status":"publish","type":"page","link":"http:\/\/www.svoar.com\/wp\/?page_id=80","title":{"rendered":"Nosotros"},"content":{"rendered":"<h2 class=\"subtitle page-subtitle\"> El detalle en todo el proceso, es lo que hace que Svoar<strong>&nbsp;<\/strong>realice proyectos sorprendentes. &nbsp;<\/h2>\n<div id=\"skills_diagram\" class=\"hidden-xs\"><div class=\"legend\"><h4>Leyenda:<\/h4><ul class=\"skills\"><li data-percent=\"100\" style=\"background-color:#97BE0D;\"> Comercial <\/li>\n<li data-percent=\"100\" style=\"background-color:#D84F5F;\"> &nbsp;Residencial&nbsp;<\/li>\n<li data-percent=\"100\" style=\"background-color:#88B8E6;\"> Social <\/li>\n<li data-percent=\"100\" style=\"background-color:#EEE17C;\"> Tur\u00edstica&nbsp;<\/li>\n&nbsp;\n&nbsp;<\/ul><!-- end the skills --><\/div><div id=\"thediagram\"\n\t\t\t\t\t\t\tdata-width=\"600\"\n\t\t\t\t\t\t\tdata-height=\"600\"\n\t\t\t\t\t\t\tdata-maincolor=\"#193340\"\n\t\t\t\t\t\t\tdata-maintext=\"SUELO\"\n\t\t\t\t\t\t\tdata-fontsize=\"20px Arial\"\n\t\t\t\t\t\t\tdata-textcolor=\"#ffffff\"><\/div><\/div><!-- end skills diagram -->\n<p style=\"text-align: justify;\"><img loading=\"lazy\" class=\"alignleft size-full wp-image-110\" src=\"http:\/\/hogash-demo.com\/kallyas_wp\/wp-content\/uploads\/2013\/02\/aboutus.jpg\" alt=\"aboutus\" width=\"200\" height=\"134\"><\/p>\n<p style=\"text-align: justify;\">Desde sus inicios, Svoar se ha convertido en un referente de calidad gracias al cuidado y pasi\u00f3n que proporciona a cada uno de sus proyectos.<\/p>\n<p style=\"text-align: justify;\">Como Grupo Inversor, nuestra firma opera en Espa\u00f1a, Polonia y Brasil, adapt\u00e1ndose en cada momento a las necesidades del mercado y de los clientes.<\/p>\n<p style=\"text-align: justify;\">Si algo tuviese que definir lo que somos y cu\u00e1l es el esp\u00edritu de nuestra marca, \u00e9sta ser\u00eda la de unos grandes profesionales con una gran capacidad de trabajo y saber en todo momento lo que los potenciales clientes necesitan.<\/p>\n<p style=\"text-align: justify;\">El resultado lo marca el trabajo bien hecho, con pasi\u00f3n en todo el proceso, desarrollo, ejecuci\u00f3n y acabados del producto.<\/p>\n<p style=\"text-align: justify;\">Hemos realizado todo tipo de proyectos inmobiliarios desde comercial, industrial, primera residencia, tanto en vivienda libre como en programas oficiales, as\u00ed como segunda residencia, d\u00e1ndole un encanto a productos de golf y de playa, con amplias piscinas, gimnasios, padel, tenis, amplios salones de actos con todo tipo de detalles, ya que en todo momento pensamos en las necesidades de nuestros clientes, aportando valor para que su vivienda se convierta en una experiencia \u00fanica.<\/p>\n<p style=\"text-align: justify;\">Esta pasi\u00f3n que nos define es lo que hace que nuestros productos y clientes sean diferentes.<\/p>\n","protected":false},"excerpt":{"rendered":"<p>Desde sus inicios, Svoar se ha convertido en un referente de calidad gracias al cuidado y pasi\u00f3n que proporciona a cada uno de sus proyectos. Como Grupo Inversor, nuestra firma opera en Espa\u00f1a, Polonia y Brasil, adapt\u00e1ndose en cada momento a las necesidades del mercado y de los clientes. Si algo tuviese que definir lo<\/p>\n","protected":false},"author":1,"featured_media":0,"parent":0,"menu_order":0,"comment_status":"closed","ping_status":"open","template":"","meta":[],"_links":{"self":[{"href":"http:\/\/www.svoar.com\/wp\/index.php?rest_route=\/wp\/v2\/pages\/80"}],"collection":[{"href":"http:\/\/www.svoar.com\/wp\/index.php?rest_route=\/wp\/v2\/pages"}],"about":[{"href":"http:\/\/www.svoar.com\/wp\/index.php?rest_route=\/wp\/v2\/types\/page"}],"author":[{"embeddable":true,"href":"http:\/\/www.svoar.com\/wp\/index.php?rest_route=\/wp\/v2\/users\/1"}],"replies":[{"embeddable":true,"href":"http:\/\/www.svoar.com\/wp\/index.php?rest_route=%2Fwp%2Fv2%2Fcomments&post=80"}],"version-history":[{"count":41,"href":"http:\/\/www.svoar.com\/wp\/index.php?rest_route=\/wp\/v2\/pages\/80\/revisions"}],"predecessor-version":[{"id":1721,"href":"http:\/\/www.svoar.com\/wp\/index.php?rest_route=\/wp\/v2\/pages\/80\/revisions\/1721"}],"wp:attachment":[{"href":"http:\/\/www.svoar.com\/wp\/index.php?rest_route=%2Fwp%2Fv2%2Fmedia&parent=80"}],"curies":[{"name":"wp","href":"https:\/\/api.w.org\/{rel}","templated":true}]}}